{"id":24,"date":"2013-11-19T15:22:36","date_gmt":"2013-11-19T14:22:36","guid":{"rendered":"http:\/\/wp.creart.hu\/agrosped\/?page_id=24"},"modified":"2022-05-13T10:06:21","modified_gmt":"2022-05-13T08:06:21","slug":"unsere-dienstleistungen","status":"publish","type":"page","link":"https:\/\/www.agrosped.hu\/de\/","title":{"rendered":"Unsere Dienstleistungen"},"content":{"rendered":"<p>Wir sind ein ungarisches Unternehmen, und sind auf internationales Schweine- und Ferkelntransporte spezialisiert (\u00fcber 8 Stunden Transporte).<\/p>\n<p>In den letzten Jahren haben wir unseren eigenen Fuhrpark immer weiter aufgebaut, und transportieren heute einen Grossteil Ferkel und Schlachttiere mit dem eigenem Fuhrpark.<\/p>\n<p>Wir haben 3, und 5 Stock Sattelz\u00fcge, alle mit EURO 6 Motoren und modernster Technik. Vom Marken her sind die LKW-s DAF und Mercedes, die Auflieger sind Michieletto, Montull und Pezzaioli.<\/p>\n<p>Die Fahrer sind alle Ungaren, mit \u00fcber 5 Jahren Erfahrung im lebendes Tiertransport. Voraussetzung f\u00fcr das F\u00fchren eines Viehtransporters ist der Besitz der F\u00fchrerschein-Klasse CE. Unsere Berufskraftfahrer sind gut ausgebildet, um bei den Kunden kompetent, sicher und freundlich aufzutreten.<\/p>\n<p>Unsere meistens gefahrene Relationen sind: Deutschland, D\u00e4nemark, Holland, Austria, Italien, Tschechien, Slowakei, Slovenien, Kroatien, Rum\u00e4nien, Serbien, Bosnien, und nat\u00fcrlich Ungarn.<\/p>\n<p>Seit 2016 haben wir eigene Waschhalle mit moderner Waschtechnik mit Hoch- und Niederdruck sowie Desinfektion.<\/p>\n<p>Nach vorheriger Absprache haben Sie die M\u00f6glichkeit um Ihren LKW zu waschen.<\/p>\n<p>Nach jedem Tiertransport werden die LKW`s mit ihren Viehtransportaufliegern gereinigt, gewaschen und desinfiziert<\/p>\n<p>Weiterhin wird unsere Firma unter dem Qualit\u00e4tsstandard &#8222;QS&#8220; ihre T\u00e4tigkeit ge\u00fcbt.<\/p>\n<p>(QS-ID: 4953113177889, Standortnummer: 348000HU19SZ028)<\/p>\n<p><!--\n \t\n\n<li>Rind<\/li>\n\n\n--><\/p>\n<p>&nbsp;<\/p>\n<p>&nbsp;<\/p>\n","protected":false},"excerpt":{"rendered":"<p>Wir sind ein ungarisches Unternehmen, und sind auf internationales Schweine- und Ferkelntransporte spezialisiert (\u00fcber 8 Stunden Transporte). In den letzten Jahren haben wir unseren eigenen Fuhrpark immer weiter aufgebaut, und transportieren heute einen Grossteil Ferkel und Schlachttiere mit dem eigenem Fuhrpark. Wir haben 3, und 5 Stock Sattelz\u00fcge, alle mit EURO 6 Motoren und modernster [&hellip;]<\/p>\n","protected":false},"author":1,"featured_media":0,"parent":0,"menu_order":0,"comment_status":"closed","ping_status":"closed","template":"","meta":{"footnotes":""},"class_list":["post-24","page","type-page","status-publish","hentry"],"_links":{"self":[{"href":"https:\/\/www.agrosped.hu\/de\/wp-json\/wp\/v2\/pages\/24","targetHints":{"allow":["GET"]}}],"collection":[{"href":"https:\/\/www.agrosped.hu\/de\/wp-json\/wp\/v2\/pages"}],"about":[{"href":"https:\/\/www.agrosped.hu\/de\/wp-json\/wp\/v2\/types\/page"}],"author":[{"embeddable":true,"href":"https:\/\/www.agrosped.hu\/de\/wp-json\/wp\/v2\/users\/1"}],"replies":[{"embeddable":true,"href":"https:\/\/www.agrosped.hu\/de\/wp-json\/wp\/v2\/comments?post=24"}],"version-history":[{"count":0,"href":"https:\/\/www.agrosped.hu\/de\/wp-json\/wp\/v2\/pages\/24\/revisions"}],"wp:attachment":[{"href":"https:\/\/www.agrosped.hu\/de\/wp-json\/wp\/v2\/media?parent=24"}],"curies":[{"name":"wp","href":"https:\/\/api.w.org\/{rel}","templated":true}]}}