{"id":32,"date":"2013-11-19T15:24:45","date_gmt":"2013-11-19T14:24:45","guid":{"rendered":"http:\/\/wp.creart.hu\/agrosped\/?page_id=32"},"modified":"2022-05-12T13:30:50","modified_gmt":"2022-05-12T11:30:50","slug":"fuhrpark","status":"publish","type":"page","link":"https:\/\/www.agrosped.hu\/de\/fuhrpark\/","title":{"rendered":"Fuhrpark"},"content":{"rendered":"<p>Unser Fuhrpark besteht aus 5 Stockigen Sattelz\u00fcge.<\/p>\n<p>Von Marken her sind die Auflieger Michieletto, Montull, Pezzaioli.<\/p>\n<p>Jede Transportmittel verf\u00fcgt \u00fcber ein Wasserversorgungssystem, damit die Tiere w\u00e4hrend der Fahrt gen\u00fcgend Wasser zu sich nehmen k\u00f6nnen. Im Winter kann das Wasser beheizt werden, damit es nicht einfriert.\u00a0 In der Sommerhitze sorgen Ventilatoren f\u00fcr die L\u00fcftung, dadurch werden die Tiere in einem stabileren Klima transportiert. Durch das Bel\u00fcftungssystem ist gen\u00fcgend Frischluft f\u00fcr die Tiere vorhanden. Die vom Fahrerhaus regelbare Temperatur\u00fcberwachung schafft stets die optimalen Transportbedingungen f\u00fcr die Tiere und verhindert so gesundheitliche Sch\u00e4den. Die B\u00f6den der Fahrzeuge sind trittsicher. Vor jedem Transport wird der Laderaum mit Hobelsp\u00e4nen bestreut. Die Schweine und Ferkeln haben ausreichend Platz, da die &#8222;EU-Verordnung zum Schutz von Tieren beim Transport&#8220; bei der Transportplanung beachtet werden. Auf langen Transporten (\u00fcber 8 Stunden) erhalten die Schweine \/\u00a0 Ferkeln nat\u00fcrlich die vorgeschriebenen Ruhezeiten und werden gef\u00fcttert.<\/p>\n<p>Unsere Fahrzeugflotte besticht durch eine Ausstattung: Navigationsger\u00e4te, GPS -Ortung.<\/p>\n<p>Die regelm\u00e4\u00dfige Pflege und Wartung aller Fahrzeuge ist uns sehr wichtig.<\/p>\n<p>Nach jedem Transport werden alle LKWs sehr sorgf\u00e4ltig gereinigt und desinfiziert.<\/p>\n<p>Die Fahrer sind nicht nur im Fahren der gro\u00dfen LKW sondern auch im Transport und Umgang mit Schweinen ausgebildet. Viele von ihnen besitzen langj\u00e4hrige Erfahrung mit internationalen Transporten von Schweinen \u00fcber gro\u00dfe Entfernungen in viele verschiedene L\u00e4nder.<\/p>\n","protected":false},"excerpt":{"rendered":"<p>Unser Fuhrpark besteht aus 5 Stockigen Sattelz\u00fcge. Von Marken her sind die Auflieger Michieletto, Montull, Pezzaioli. Jede Transportmittel verf\u00fcgt \u00fcber ein Wasserversorgungssystem, damit die Tiere w\u00e4hrend der Fahrt gen\u00fcgend Wasser zu sich nehmen k\u00f6nnen. Im Winter kann das Wasser beheizt werden, damit es nicht einfriert.\u00a0 In der Sommerhitze sorgen Ventilatoren f\u00fcr die L\u00fcftung, dadurch werden [&hellip;]<\/p>\n","protected":false},"author":1,"featured_media":0,"parent":0,"menu_order":0,"comment_status":"closed","ping_status":"closed","template":"","meta":{"footnotes":""},"class_list":["post-32","page","type-page","status-publish","hentry"],"_links":{"self":[{"href":"https:\/\/www.agrosped.hu\/de\/wp-json\/wp\/v2\/pages\/32","targetHints":{"allow":["GET"]}}],"collection":[{"href":"https:\/\/www.agrosped.hu\/de\/wp-json\/wp\/v2\/pages"}],"about":[{"href":"https:\/\/www.agrosped.hu\/de\/wp-json\/wp\/v2\/types\/page"}],"author":[{"embeddable":true,"href":"https:\/\/www.agrosped.hu\/de\/wp-json\/wp\/v2\/users\/1"}],"replies":[{"embeddable":true,"href":"https:\/\/www.agrosped.hu\/de\/wp-json\/wp\/v2\/comments?post=32"}],"version-history":[{"count":0,"href":"https:\/\/www.agrosped.hu\/de\/wp-json\/wp\/v2\/pages\/32\/revisions"}],"wp:attachment":[{"href":"https:\/\/www.agrosped.hu\/de\/wp-json\/wp\/v2\/media?parent=32"}],"curies":[{"name":"wp","href":"https:\/\/api.w.org\/{rel}","templated":true}]}}