{"id":40,"date":"2013-11-19T15:29:56","date_gmt":"2013-11-19T14:29:56","guid":{"rendered":"http:\/\/wp.creart.hu\/agrosped\/?page_id=40"},"modified":"2022-05-13T09:57:37","modified_gmt":"2022-05-13T07:57:37","slug":"vorstellung","status":"publish","type":"page","link":"https:\/\/www.agrosped.hu\/de\/vorstellung\/","title":{"rendered":"Vorstellung"},"content":{"rendered":"<p>Die\u00a0<strong>Agrosped Hungary GmbH<\/strong>\u00a0ist 2001 gegr\u00fcndet worden, um internationale und ungarische Lebendtiertransporte durchzuf\u00fchren. Neben den inl\u00e4ndischen Transporten gewinnt das internationale Speditionswesen immer mehr an Bedeutung, zu dem man einen zuverl\u00e4ssigen technischen Hintergrund und Fachkenntnisse ben\u00f6tigt.<\/p>\n<p>Als Ergebnis der dynamischen Entwicklung verf\u00fcgen wir heute \u00fcber 11 Gro\u00df-Volumen-LKWs. Jeder entspricht den strengsten Vorschriften im Bereich der Umweltschutz und der Lebendtiertransport. Unsere Zugmaschinen sind von Typ DAF XF 105 und XF 106, Mercedes wobei die\u00a0 EURO 6 Norm entsprechen, \u00a0die Auflieger sind Michieletto, Montull und Pezzaioli.<\/p>\n<p>Unsere Firma verf\u00fcgt \u00fcber einen eigenen Standort, wo die Instandhaltung und Bewachung der Fahrzeuge gesichert ist. Wir f\u00fchren mit unseren erfahrenen Kollegen in ganz Europa Lebendtiertransporte und die sonstige dazugeh\u00f6rige Aufgaben durch.<\/p>\n<p>Bauten wir im Jahre 2016 eine eigene Waschhalle mit moderner Waschtechnik mit Hoch- und Niederdruck sowie Desinfektion.<\/p>\n<p style=\"margin: 0cm; margin-bottom: .0001pt; line-height: 28.5pt; background: white; vertical-align: baseline;\"><span style=\"font-size: 11.5pt; font-family: 'Helvetica',sans-serif; color: #64646d; background: white;\">Wir sind auch als Unternehmung nach der Qualit\u00e4tsverordnung Qs zertifiziert.<\/span><\/p>\n","protected":false},"excerpt":{"rendered":"<p>Die\u00a0Agrosped Hungary GmbH\u00a0ist 2001 gegr\u00fcndet worden, um internationale und ungarische Lebendtiertransporte durchzuf\u00fchren. Neben den inl\u00e4ndischen Transporten gewinnt das internationale Speditionswesen immer mehr an Bedeutung, zu dem man einen zuverl\u00e4ssigen technischen Hintergrund und Fachkenntnisse ben\u00f6tigt. Als Ergebnis der dynamischen Entwicklung verf\u00fcgen wir heute \u00fcber 11 Gro\u00df-Volumen-LKWs. Jeder entspricht den strengsten Vorschriften im Bereich der Umweltschutz und [&hellip;]<\/p>\n","protected":false},"author":1,"featured_media":0,"parent":0,"menu_order":0,"comment_status":"closed","ping_status":"closed","template":"","meta":{"footnotes":""},"class_list":["post-40","page","type-page","status-publish","hentry"],"_links":{"self":[{"href":"https:\/\/www.agrosped.hu\/de\/wp-json\/wp\/v2\/pages\/40","targetHints":{"allow":["GET"]}}],"collection":[{"href":"https:\/\/www.agrosped.hu\/de\/wp-json\/wp\/v2\/pages"}],"about":[{"href":"https:\/\/www.agrosped.hu\/de\/wp-json\/wp\/v2\/types\/page"}],"author":[{"embeddable":true,"href":"https:\/\/www.agrosped.hu\/de\/wp-json\/wp\/v2\/users\/1"}],"replies":[{"embeddable":true,"href":"https:\/\/www.agrosped.hu\/de\/wp-json\/wp\/v2\/comments?post=40"}],"version-history":[{"count":0,"href":"https:\/\/www.agrosped.hu\/de\/wp-json\/wp\/v2\/pages\/40\/revisions"}],"wp:attachment":[{"href":"https:\/\/www.agrosped.hu\/de\/wp-json\/wp\/v2\/media?parent=40"}],"curies":[{"name":"wp","href":"https:\/\/api.w.org\/{rel}","templated":true}]}}