{"id":42,"date":"2013-11-19T15:30:20","date_gmt":"2013-11-19T14:30:20","guid":{"rendered":"http:\/\/wp.creart.hu\/agrosped\/?page_id=42"},"modified":"2013-11-22T17:32:21","modified_gmt":"2013-11-22T16:32:21","slug":"chi-siamo","status":"publish","type":"page","link":"https:\/\/www.agrosped.hu\/it\/chi-siamo\/","title":{"rendered":"Chi Siamo"},"content":{"rendered":"<p>L&#8217;azienda\u00a0<strong>Agrosped Hungary Kft.<\/strong>\u00a0\u00e9 nata nel 2001 con lo scopo di effettuare trasporti di bestiame a livello nazionale e internazionale. Oltre che nei trasporti nazionali l&#8217;azienda cominci\u00f3 ad avere un costante aumento anche in quelli internazionali, per i quali \u00e9 necessario avere una affidabilit\u00e1 tecnica nonch\u00e9 conscenza professionale.<\/p>\n<p>Grazie allo sviluppo dinamico dell&#8217;azienda ora pu\u00f3 vantare di 11 autotreni. Tutti i mezzi sono conformi alle pi\u00fa rigide normative ambientali e a quelle sul trasporto di animali vivi. I nostri veicoli sono dei\u00a0DAF XF 105\u00a0e\u00a0XF 106, quest&#8217; ultimi conformi alle normative EURO 5.<\/p>\n<p>L&#8217;azienda ha uno stabilimento dove viene assicurata la manutenzione e la custodia dei mezzi. In tutta Europa, con colleghi esperti nel settore effettuiamo trasporti di animali con eventuali compiti aggiuntivi.<\/p>\n","protected":false},"excerpt":{"rendered":"<p>L&#8217;azienda\u00a0Agrosped Hungary Kft.\u00a0\u00e9 nata nel 2001 con lo scopo di effettuare trasporti di bestiame a livello nazionale e internazionale. Oltre che nei trasporti nazionali l&#8217;azienda cominci\u00f3 ad avere un costante aumento anche in quelli internazionali, per i quali \u00e9 necessario avere una affidabilit\u00e1 tecnica nonch\u00e9 conscenza professionale. Grazie allo sviluppo dinamico dell&#8217;azienda ora pu\u00f3 vantare [&hellip;]<\/p>\n","protected":false},"author":1,"featured_media":0,"parent":0,"menu_order":0,"comment_status":"closed","ping_status":"closed","template":"","meta":{"footnotes":""},"class_list":["post-42","page","type-page","status-publish","hentry"],"_links":{"self":[{"href":"https:\/\/www.agrosped.hu\/it\/wp-json\/wp\/v2\/pages\/42","targetHints":{"allow":["GET"]}}],"collection":[{"href":"https:\/\/www.agrosped.hu\/it\/wp-json\/wp\/v2\/pages"}],"about":[{"href":"https:\/\/www.agrosped.hu\/it\/wp-json\/wp\/v2\/types\/page"}],"author":[{"embeddable":true,"href":"https:\/\/www.agrosped.hu\/it\/wp-json\/wp\/v2\/users\/1"}],"replies":[{"embeddable":true,"href":"https:\/\/www.agrosped.hu\/it\/wp-json\/wp\/v2\/comments?post=42"}],"version-history":[{"count":0,"href":"https:\/\/www.agrosped.hu\/it\/wp-json\/wp\/v2\/pages\/42\/revisions"}],"wp:attachment":[{"href":"https:\/\/www.agrosped.hu\/it\/wp-json\/wp\/v2\/media?parent=42"}],"curies":[{"name":"wp","href":"https:\/\/api.w.org\/{rel}","templated":true}]}}