{"id":28,"date":"2013-11-19T15:23:22","date_gmt":"2013-11-19T14:23:22","guid":{"rendered":"http:\/\/wp.creart.hu\/agrosped\/?page_id=28"},"modified":"2020-12-11T10:15:44","modified_gmt":"2020-12-11T09:15:44","slug":"hizmetleri","status":"publish","type":"page","link":"https:\/\/www.agrosped.hu\/tr\/","title":{"rendered":"Hizmetleri"},"content":{"rendered":"<p>Tasimacligini yaptigimiz canli hyvan cesitleri:<\/p>\n<ul>\n<!--\t\n\n<li>kuzu<\/li>\n\n--><\/p>\n<li>domuz<\/li>\n<p><!--\t\n\n<li>inek<\/li>\n\n-->\n<\/ul>\n<p>Tasima esnasinda s\u00fcremiz doldugunda hayvanlari dinlendirme ve gerekli diger islemleride \u00fcslenmekteyiz.Bunlarin disinda canli yaban hayvanlarida tasimaktayiz.<\/p>\n<p>Araclarimizla gida \u00fcr\u00fcnlerinin disinda paletli \u00fcr\u00fcnleride tasimaktayiz.<\/p>\n","protected":false},"excerpt":{"rendered":"<p>Tasimacligini yaptigimiz canli hyvan cesitleri: domuz Tasima esnasinda s\u00fcremiz doldugunda hayvanlari dinlendirme ve gerekli diger islemleride \u00fcslenmekteyiz.Bunlarin disinda canli yaban hayvanlarida tasimaktayiz. Araclarimizla gida \u00fcr\u00fcnlerinin disinda paletli \u00fcr\u00fcnleride tasimaktayiz.<\/p>\n","protected":false},"author":1,"featured_media":0,"parent":0,"menu_order":0,"comment_status":"closed","ping_status":"closed","template":"","meta":{"footnotes":""},"class_list":["post-28","page","type-page","status-publish","hentry"],"_links":{"self":[{"href":"https:\/\/www.agrosped.hu\/tr\/wp-json\/wp\/v2\/pages\/28","targetHints":{"allow":["GET"]}}],"collection":[{"href":"https:\/\/www.agrosped.hu\/tr\/wp-json\/wp\/v2\/pages"}],"about":[{"href":"https:\/\/www.agrosped.hu\/tr\/wp-json\/wp\/v2\/types\/page"}],"author":[{"embeddable":true,"href":"https:\/\/www.agrosped.hu\/tr\/wp-json\/wp\/v2\/users\/1"}],"replies":[{"embeddable":true,"href":"https:\/\/www.agrosped.hu\/tr\/wp-json\/wp\/v2\/comments?post=28"}],"version-history":[{"count":0,"href":"https:\/\/www.agrosped.hu\/tr\/wp-json\/wp\/v2\/pages\/28\/revisions"}],"wp:attachment":[{"href":"https:\/\/www.agrosped.hu\/tr\/wp-json\/wp\/v2\/media?parent=28"}],"curies":[{"name":"wp","href":"https:\/\/api.w.org\/{rel}","templated":true}]}}