{"id":36,"date":"2013-11-19T15:25:17","date_gmt":"2013-11-19T14:25:17","guid":{"rendered":"http:\/\/wp.creart.hu\/agrosped\/?page_id=36"},"modified":"2013-11-28T14:58:03","modified_gmt":"2013-11-28T13:58:03","slug":"filomuz","status":"publish","type":"page","link":"https:\/\/www.agrosped.hu\/tr\/filomuz\/","title":{"rendered":"Filomuz"},"content":{"rendered":"<p>Ara\u00e7 filomuzda 11 tek dorseli ara\u00e7 bulunmaktad\u0131r.<\/p>\n<p>Canli tasima dorselerimiz 4 katli olup katlar hidrolik olarak kalkip inmektedir. B\u00fct\u00fcn araclarimizda su deposu bulunup tasimacilik sirasinda suluklardan emzik sayesinde hayvanlar yeterli miktarda su ihtiyacini karsilamaktadir. Yazin sicaklarda ise vantilat\u00f6rler sayesinde havalandirmayi saglamaktayiz.<\/p>\n","protected":false},"excerpt":{"rendered":"<p>Ara\u00e7 filomuzda 11 tek dorseli ara\u00e7 bulunmaktad\u0131r. Canli tasima dorselerimiz 4 katli olup katlar hidrolik olarak kalkip inmektedir. B\u00fct\u00fcn araclarimizda su deposu bulunup tasimacilik sirasinda suluklardan emzik sayesinde hayvanlar yeterli miktarda su ihtiyacini karsilamaktadir. Yazin sicaklarda ise vantilat\u00f6rler sayesinde havalandirmayi saglamaktayiz.<\/p>\n","protected":false},"author":1,"featured_media":0,"parent":0,"menu_order":0,"comment_status":"closed","ping_status":"closed","template":"","meta":{"footnotes":""},"class_list":["post-36","page","type-page","status-publish","hentry"],"_links":{"self":[{"href":"https:\/\/www.agrosped.hu\/tr\/wp-json\/wp\/v2\/pages\/36","targetHints":{"allow":["GET"]}}],"collection":[{"href":"https:\/\/www.agrosped.hu\/tr\/wp-json\/wp\/v2\/pages"}],"about":[{"href":"https:\/\/www.agrosped.hu\/tr\/wp-json\/wp\/v2\/types\/page"}],"author":[{"embeddable":true,"href":"https:\/\/www.agrosped.hu\/tr\/wp-json\/wp\/v2\/users\/1"}],"replies":[{"embeddable":true,"href":"https:\/\/www.agrosped.hu\/tr\/wp-json\/wp\/v2\/comments?post=36"}],"version-history":[{"count":0,"href":"https:\/\/www.agrosped.hu\/tr\/wp-json\/wp\/v2\/pages\/36\/revisions"}],"wp:attachment":[{"href":"https:\/\/www.agrosped.hu\/tr\/wp-json\/wp\/v2\/media?parent=36"}],"curies":[{"name":"wp","href":"https:\/\/api.w.org\/{rel}","templated":true}]}}