{"id":44,"date":"2013-11-19T15:30:36","date_gmt":"2013-11-19T14:30:36","guid":{"rendered":"http:\/\/wp.creart.hu\/agrosped\/?page_id=44"},"modified":"2013-11-28T16:03:38","modified_gmt":"2013-11-28T15:03:38","slug":"hakkimizda","status":"publish","type":"page","link":"https:\/\/www.agrosped.hu\/tr\/hakkimizda\/","title":{"rendered":"Hakkimizda"},"content":{"rendered":"<p>Firmamiz\u00a0<strong>Agrosped Kft.<\/strong>\u00a02001 yilinda kuruldu . Kurulus amacimiz yurt ici ve yurdisi canlihayvan tasimaciliginda hizmet vermek. \u00d6ncelikle yurtici tasimaciligizin yaninda yurtdisi tasimaciligimizda b\u00fcy\u00fck bir b\u00f6lgeye yayildi. Bununla beraber g\u00fccl\u00fc bir tecnik hizmet ve uzman bir ekipe sahip olmaktayiz.<\/p>\n<p>Dinamikbir b\u00fcy\u00fcme sayesinde bug\u00fcn 11 araca sahip olup ,b\u00fct\u00fcn araclarimiz cevre kanunlarina ve canli hayvan tasimak icin gerekli kanunlara uygundur. Arac filomuz marka olarak\u00a0DAF XF 105\u00a0ve\u00a0XF 106 bununyaninda filomuza sonkatilanlarda euro 5 se uygun araclardir.<\/p>\n<p>Firmamizin kendi parki ve arac bakimyerimiz bulunmaktadir. Tecr\u00fcbeli kodromuzla b\u00fct\u00fcn avrupada canli hayvan tasimaciligi yapmaktayiz.<\/p>\n","protected":false},"excerpt":{"rendered":"<p>Firmamiz\u00a0Agrosped Kft.\u00a02001 yilinda kuruldu . Kurulus amacimiz yurt ici ve yurdisi canlihayvan tasimaciliginda hizmet vermek. \u00d6ncelikle yurtici tasimaciligizin yaninda yurtdisi tasimaciligimizda b\u00fcy\u00fck bir b\u00f6lgeye yayildi. Bununla beraber g\u00fccl\u00fc bir tecnik hizmet ve uzman bir ekipe sahip olmaktayiz. Dinamikbir b\u00fcy\u00fcme sayesinde bug\u00fcn 11 araca sahip olup ,b\u00fct\u00fcn araclarimiz cevre kanunlarina ve canli hayvan tasimak icin gerekli [&hellip;]<\/p>\n","protected":false},"author":1,"featured_media":0,"parent":0,"menu_order":0,"comment_status":"closed","ping_status":"closed","template":"","meta":{"footnotes":""},"class_list":["post-44","page","type-page","status-publish","hentry"],"_links":{"self":[{"href":"https:\/\/www.agrosped.hu\/tr\/wp-json\/wp\/v2\/pages\/44","targetHints":{"allow":["GET"]}}],"collection":[{"href":"https:\/\/www.agrosped.hu\/tr\/wp-json\/wp\/v2\/pages"}],"about":[{"href":"https:\/\/www.agrosped.hu\/tr\/wp-json\/wp\/v2\/types\/page"}],"author":[{"embeddable":true,"href":"https:\/\/www.agrosped.hu\/tr\/wp-json\/wp\/v2\/users\/1"}],"replies":[{"embeddable":true,"href":"https:\/\/www.agrosped.hu\/tr\/wp-json\/wp\/v2\/comments?post=44"}],"version-history":[{"count":0,"href":"https:\/\/www.agrosped.hu\/tr\/wp-json\/wp\/v2\/pages\/44\/revisions"}],"wp:attachment":[{"href":"https:\/\/www.agrosped.hu\/tr\/wp-json\/wp\/v2\/media?parent=44"}],"curies":[{"name":"wp","href":"https:\/\/api.w.org\/{rel}","templated":true}]}}